{"id":487,"date":"2025-04-22T14:53:37","date_gmt":"2025-04-22T17:53:37","guid":{"rendered":"https:\/\/redmob.com.br\/?page_id=487"},"modified":"2026-02-12T01:29:45","modified_gmt":"2026-02-12T04:29:45","slug":"modalidades","status":"publish","type":"page","link":"https:\/\/redmob.com.br\/index.php\/modalidades\/","title":{"rendered":"Modalidades"},"content":{"rendered":"<p>[vc_row css_animation=&#8221;&#8221; row_type=&#8221;row&#8221; use_row_as_full_screen_section=&#8221;no&#8221; type=&#8221;grid&#8221; angled_section=&#8221;no&#8221; text_align=&#8221;left&#8221; background_image_as_pattern=&#8221;without_pattern&#8221; z_index=&#8221;&#8221;][vc_column width=&#8221;1\/6&#8243;][\/vc_column][vc_column width=&#8221;2\/3&#8243;][vc_empty_space height=&#8221;80px&#8221;][vc_column_text]<\/p>\n<h1 style=\"text-align: center;\">Aqui, voc\u00ea escolhe seu desafio.<\/h1>\n<p>[\/vc_column_text][vc_empty_space][vc_column_text]<\/p>\n<p style=\"text-align: center;\">Na Redmob, voc\u00ea encontra treinos pensados para todos os n\u00edveis, objetivos e estilos de vida. Cada modalidade foi escolhida para entregar <strong data-start=\"361\" data-end=\"381\">resultados<\/strong>, melhorar sua qualidade de vida e transformar o seu jeito de treinar.<\/p>\n<p>[\/vc_column_text][vc_empty_space height=&#8221;80px&#8221;][\/vc_column][vc_column width=&#8221;1\/6&#8243;][\/vc_column][\/vc_row][vc_row css_animation=&#8221;&#8221; row_type=&#8221;row&#8221; use_row_as_full_screen_section=&#8221;no&#8221; type=&#8221;full_width&#8221; angled_section=&#8221;no&#8221; text_align=&#8221;left&#8221; background_image_as_pattern=&#8221;without_pattern&#8221; z_index=&#8221;&#8221; css=&#8221;.vc_custom_1745774528392{padding-right: 30px !important;padding-bottom: 60px !important;padding-left: 30px !important;}&#8221;][vc_column width=&#8221;1\/4&#8243;][vc_column_text]<\/p>\n<h2 style=\"text-align: center;\"><b>Cross<\/b><\/h2>\n<p>[\/vc_column_text][vc_empty_space height=&#8221;38px&#8221;][vc_single_image image=&#8221;491&#8243; img_size=&#8221;full&#8221; alignment=&#8221;center&#8221; qode_css_animation=&#8221;&#8221; qode_hover_animation=&#8221;zoom_in&#8221; el_class=&#8221;.sombra&#8221;][vc_empty_space height=&#8221;38px&#8221;][vc_column_text]\u00c9 um programa de treinamento de for\u00e7a e condicionamento geral que consiste em movimentos funcionais associados a alta intensidade e constantemente variados, movimentos estes baseados em 3 modalidades: Gin\u00e1stica ol\u00edmpica, Levantamento de peso ol\u00edmpico, Condicionamento cardiovascular.[\/vc_column_text][vc_empty_space height=&#8221;38px&#8221;][\/vc_column][vc_column width=&#8221;1\/4&#8243;][vc_column_text]<\/p>\n<h2 style=\"text-align: center;\"><b>Metcon<\/b><\/h2>\n<p>[\/vc_column_text][vc_empty_space height=&#8221;38px&#8221;][vc_single_image image=&#8221;485&#8243; img_size=&#8221;full&#8221; alignment=&#8221;center&#8221; qode_css_animation=&#8221;&#8221; qode_hover_animation=&#8221;zoom_in&#8221; el_class=&#8221;.sombra&#8221;][vc_empty_space height=&#8221;38px&#8221;][vc_column_text css=&#8221;.vc_custom_1745344233792{padding-right: 10px !important;padding-left: 10px !important;}&#8221;]METCON \u00e9 um tipo de treino que mistura exerc\u00edcios de for\u00e7a e cardio para melhorar o f\u00f4lego, queimar calorias e dar mais energia pro dia a dia. As aulas s\u00e3o intensas, mas podem ser adaptadas pra qualquer pessoa \u2014 at\u00e9 pra quem est\u00e1 come\u00e7ando agora. Venha experimentar e descubra como treinar pode ser leve, divertido e transformador![\/vc_column_text][vc_empty_space height=&#8221;38px&#8221;][\/vc_column][vc_column width=&#8221;1\/4&#8243;][vc_column_text]<\/p>\n<h2 style=\"text-align: center;\"><b>Powerlifting<\/b><\/h2>\n<p>[\/vc_column_text][vc_empty_space height=&#8221;38px&#8221;][vc_single_image image=&#8221;490&#8243; img_size=&#8221;full&#8221; alignment=&#8221;center&#8221; qode_css_animation=&#8221;&#8221; qode_hover_animation=&#8221;zoom_in&#8221; el_class=&#8221;.sombra&#8221;][vc_empty_space height=&#8221;38px&#8221;][vc_column_text css=&#8221;.vc_custom_1745723119062{padding-right: 10px !important;padding-left: 10px !important;}&#8221;]Foco total em for\u00e7a m\u00e1xima. Atrav\u00e9s desse treino voc\u00ea constr\u00f3i pot\u00eancia muscular e desenvolve uma base s\u00f3lida de for\u00e7a.Trabalha todos os grupos musculares e acelera a queima de gordura por horas.[\/vc_column_text][vc_empty_space height=&#8221;38px&#8221;][\/vc_column][vc_column width=&#8221;1\/4&#8243;][vc_column_text]<\/p>\n<h2 style=\"text-align: center;\"><b>Endurance<\/b><\/h2>\n<p>[\/vc_column_text][vc_empty_space height=&#8221;38px&#8221;][vc_single_image image=&#8221;455&#8243; img_size=&#8221;full&#8221; alignment=&#8221;center&#8221; qode_css_animation=&#8221;&#8221; qode_hover_animation=&#8221;zoom_in&#8221; el_class=&#8221;.sombra&#8221;][vc_empty_space height=&#8221;38px&#8221;][vc_column_text]Treinos com longa dura\u00e7\u00e3o e cargas baixas, muito suor e elevado gasto cal\u00f3rico. \u00c9 a modalidade que da melhor desempenho nos WODS e nos exerc\u00edcios metab\u00f3licos de crossfit com seus treinos que dar\u00e3o mais resist\u00eancia.[\/vc_column_text][vc_empty_space height=&#8221;38px&#8221;][\/vc_column][\/vc_row][vc_row css_animation=&#8221;&#8221; row_type=&#8221;row&#8221; use_row_as_full_screen_section=&#8221;no&#8221; type=&#8221;grid&#8221; angled_section=&#8221;no&#8221; text_align=&#8221;left&#8221; background_image_as_pattern=&#8221;without_pattern&#8221; z_index=&#8221;&#8221; css=&#8221;.vc_custom_1745344393657{padding-top: 60px !important;background-color: #fafafa !important;}&#8221;][vc_column width=&#8221;1\/6&#8243;][\/vc_column][vc_column width=&#8221;2\/3&#8243;][vc_column_text]<\/p>\n<h2 style=\"text-align: center;\"><b>GARAGE BOX<\/b><\/h2>\n<p>[\/vc_column_text][vc_empty_space][vc_column_text]<\/p>\n<p style=\"text-align: center;\"><span style=\"font-weight: 400;\">Na GARAGE BOX ficam as modalidades que te d\u00e3o melhor desempenho nos WOD&#8217;s e nos exerc\u00edcios metab\u00f3licos, com seus treinos aer\u00f3bios de longa ou curta dura\u00e7\u00e3o:\u00a0 <\/span><b>Endurance<\/b><span style=\"font-weight: 400;\"> e <\/span><b>Powerlifting.<\/b><\/p>\n<p>[\/vc_column_text][vc_empty_space height=&#8221;60px&#8221;][\/vc_column][vc_column width=&#8221;1\/6&#8243;][\/vc_column][\/vc_row][vc_row css_animation=&#8221;&#8221; row_type=&#8221;row&#8221; use_row_as_full_screen_section=&#8221;no&#8221; type=&#8221;grid&#8221; angled_section=&#8221;no&#8221; text_align=&#8221;center&#8221; background_image_as_pattern=&#8221;without_pattern&#8221; z_index=&#8221;&#8221; css=&#8221;.vc_custom_1745344359425{background-color: #fafafa !important;}&#8221;][vc_column]<div class=\"qode-advanced-image-gallery  qode-aig-grid-type qode-large-space   \">\n\t<div class=\"qode-aig-inner qode-outer-space qode-aig-grid qode-aig-three-columns\">\n\t\t\t\t\t<div class=\"qode-aig-image qode-item-space\">\n\t\t\t\t<div class=\"qode-aig-image-inner\">\n\t\t\t\t\t\t\t\t\t\t\t<img loading=\"lazy\" decoding=\"async\" width=\"2560\" height=\"1704\" src=\"https:\/\/redmob.com.br\/wp-content\/uploads\/2025\/04\/DSC7447-scaled.jpg\" class=\"attachment-full size-full\" alt=\"\" srcset=\"https:\/\/redmob.com.br\/wp-content\/uploads\/2025\/04\/DSC7447-scaled.jpg 2560w, https:\/\/redmob.com.br\/wp-content\/uploads\/2025\/04\/DSC7447-300x200.jpg 300w, https:\/\/redmob.com.br\/wp-content\/uploads\/2025\/04\/DSC7447-1024x682.jpg 1024w, https:\/\/redmob.com.br\/wp-content\/uploads\/2025\/04\/DSC7447-768x511.jpg 768w, https:\/\/redmob.com.br\/wp-content\/uploads\/2025\/04\/DSC7447-1536x1022.jpg 1536w, https:\/\/redmob.com.br\/wp-content\/uploads\/2025\/04\/DSC7447-2048x1363.jpg 2048w, https:\/\/redmob.com.br\/wp-content\/uploads\/2025\/04\/DSC7447-700x466.jpg 700w\" sizes=\"auto, (max-width: 2560px) 100vw, 2560px\" \/>\t\t\t\t\t\t<span class=\"aig-gallery-hover\">\n\t\t\t\t\t\t\t\t\t\t\t\t\t<\/span>\n\t\t\t\t\t\t\t\t\t<\/div>\n\t\t\t<\/div>\n\t\t\t\t\t<div class=\"qode-aig-image qode-item-space\">\n\t\t\t\t<div class=\"qode-aig-image-inner\">\n\t\t\t\t\t\t\t\t\t\t\t<img loading=\"lazy\" decoding=\"async\" width=\"1266\" height=\"842\" src=\"https:\/\/redmob.com.br\/wp-content\/uploads\/2025\/04\/garage.jpg\" class=\"attachment-full size-full\" alt=\"\" srcset=\"https:\/\/redmob.com.br\/wp-content\/uploads\/2025\/04\/garage.jpg 1266w, https:\/\/redmob.com.br\/wp-content\/uploads\/2025\/04\/garage-300x200.jpg 300w, https:\/\/redmob.com.br\/wp-content\/uploads\/2025\/04\/garage-1024x681.jpg 1024w, https:\/\/redmob.com.br\/wp-content\/uploads\/2025\/04\/garage-768x511.jpg 768w, https:\/\/redmob.com.br\/wp-content\/uploads\/2025\/04\/garage-700x466.jpg 700w\" sizes=\"auto, (max-width: 1266px) 100vw, 1266px\" \/>\t\t\t\t\t\t<span class=\"aig-gallery-hover\">\n\t\t\t\t\t\t\t\t\t\t\t\t\t<\/span>\n\t\t\t\t\t\t\t\t\t<\/div>\n\t\t\t<\/div>\n\t\t\t\t\t<div class=\"qode-aig-image qode-item-space\">\n\t\t\t\t<div class=\"qode-aig-image-inner\">\n\t\t\t\t\t\t\t\t\t\t\t<img loading=\"lazy\" decoding=\"async\" width=\"1136\" height=\"758\" src=\"https:\/\/redmob.com.br\/wp-content\/uploads\/2025\/04\/capoeiras-18.jpg\" class=\"attachment-full size-full\" alt=\"\" srcset=\"https:\/\/redmob.com.br\/wp-content\/uploads\/2025\/04\/capoeiras-18.jpg 1136w, https:\/\/redmob.com.br\/wp-content\/uploads\/2025\/04\/capoeiras-18-300x200.jpg 300w, https:\/\/redmob.com.br\/wp-content\/uploads\/2025\/04\/capoeiras-18-1024x683.jpg 1024w, https:\/\/redmob.com.br\/wp-content\/uploads\/2025\/04\/capoeiras-18-768x512.jpg 768w, https:\/\/redmob.com.br\/wp-content\/uploads\/2025\/04\/capoeiras-18-700x467.jpg 700w\" sizes=\"auto, (max-width: 1136px) 100vw, 1136px\" \/>\t\t\t\t\t\t<span class=\"aig-gallery-hover\">\n\t\t\t\t\t\t\t\t\t\t\t\t\t<\/span>\n\t\t\t\t\t\t\t\t\t<\/div>\n\t\t\t<\/div>\n\t\t\t<\/div>\n<\/div>[vc_empty_space height=&#8221;60px&#8221;][\/vc_column][\/vc_row][vc_row css_animation=&#8221;&#8221; row_type=&#8221;row&#8221; use_row_as_full_screen_section=&#8221;no&#8221; type=&#8221;grid&#8221; angled_section=&#8221;no&#8221; text_align=&#8221;center&#8221; background_image_as_pattern=&#8221;without_pattern&#8221; z_index=&#8221;&#8221;][vc_column offset=&#8221;vc_hidden-lg vc_hidden-md vc_hidden-sm vc_hidden-xs&#8221;][vc_empty_space height=&#8221;60px&#8221;][vc_gallery interval=&#8221;0&#8243; images=&#8221;456,457,461,459,458,460,462&#8243; img_size=&#8221;full&#8221; direction_nav=&#8221;yes&#8221; control_nav=&#8221;yes&#8221;][\/vc_column][\/vc_row][vc_row css_animation=&#8221;&#8221; row_type=&#8221;row&#8221; use_row_as_full_screen_section=&#8221;no&#8221; type=&#8221;full_width&#8221; angled_section=&#8221;no&#8221; text_align=&#8221;center&#8221; background_image_as_pattern=&#8221;without_pattern&#8221; css=&#8221;.vc_custom_1745876891081{background-color: #303030 !important;}&#8221; z_index=&#8221;&#8221;][vc_column width=&#8221;1\/6&#8243;][\/vc_column][vc_column width=&#8221;2\/3&#8243;][vc_empty_space height=&#8221;50px&#8221;][vc_column_text]<\/p>\n<h2 style=\"text-align: center;\"><span style=\"color: #ffffff;\"><b>Agende\u00a0 uma aula experimental sem custos<\/b><\/span><\/h2>\n<p>[\/vc_column_text][vc_empty_space][\/vc_column][vc_column width=&#8221;1\/6&#8243;][\/vc_column][\/vc_row][vc_row css_animation=&#8221;&#8221; row_type=&#8221;row&#8221; use_row_as_full_screen_section=&#8221;no&#8221; type=&#8221;grid&#8221; angled_section=&#8221;no&#8221; text_align=&#8221;center&#8221; background_image_as_pattern=&#8221;without_pattern&#8221; z_index=&#8221;&#8221; css=&#8221;.vc_custom_1745876941065{padding-top: 60px !important;padding-right: 30px !important;padding-bottom: 60px !important;padding-left: -30px !important;background-color: #303030 !important;}&#8221;][vc_column width=&#8221;1\/3&#8243;]<a  itemprop=\"url\" href=\"https:\/\/wa.me\/5548988166425\" target=\"_blank\" data-hover-background-color=#cc2127  class=\"qbutton  big_large_full_width center default\" style=\"border-color: #ffffff; background-color: #303030;\">CAPOEIRAS<\/a>[vc_empty_space][\/vc_column][vc_column width=&#8221;1\/3&#8243;]<a  itemprop=\"url\" href=\"https:\/\/wa.me\/5548999009872\" target=\"_blank\" data-hover-background-color=#cc2127  class=\"qbutton  big_large_full_width center default\" style=\"border-color: #ffffff; background-color: #303030;\">MADRE BENVENUTA<\/a>[vc_empty_space][\/vc_column][vc_column width=&#8221;1\/3&#8243;]<a  itemprop=\"url\" href=\"https:\/\/wa.me\/554892048791\" target=\"_blank\" data-hover-background-color=#cc2127  class=\"qbutton  big_large_full_width center default\" style=\"border-color: #ffffff; background-color: #303030;\">CAMPECHE<\/a>[vc_empty_space][\/vc_column][\/vc_row][vc_column][\/vc_column]<\/p>\n","protected":false},"excerpt":{"rendered":"<p>[vc_row css_animation=&#8221;&#8221; row_type=&#8221;row&#8221; use_row_as_full_screen_section=&#8221;no&#8221; type=&#8221;grid&#8221; angled_section=&#8221;no&#8221; text_align=&#8221;left&#8221; background_image_as_pattern=&#8221;without_pattern&#8221; z_index=&#8221;&#8221;][vc_column width=&#8221;1\/6&#8243;][\/vc_column][vc_column width=&#8221;2\/3&#8243;][vc_empty_space height=&#8221;80px&#8221;][vc_column_text] Aqui, voc\u00ea escolhe seu desafio. [\/vc_column_text][vc_empty_space][vc_column_text] Na Redmob, voc\u00ea encontra treinos pensados para todos os n\u00edveis, objetivos e estilos de vida. Cada modalidade foi escolhida para entregar resultados, melhorar sua qualidade de vida&#8230;<\/p>\n","protected":false},"author":1,"featured_media":0,"parent":0,"menu_order":0,"comment_status":"closed","ping_status":"closed","template":"full_width.php","meta":{"footnotes":""},"class_list":["post-487","page","type-page","status-publish","hentry"],"_links":{"self":[{"href":"https:\/\/redmob.com.br\/index.php\/wp-json\/wp\/v2\/pages\/487","targetHints":{"allow":["GET"]}}],"collection":[{"href":"https:\/\/redmob.com.br\/index.php\/wp-json\/wp\/v2\/pages"}],"about":[{"href":"https:\/\/redmob.com.br\/index.php\/wp-json\/wp\/v2\/types\/page"}],"author":[{"embeddable":true,"href":"https:\/\/redmob.com.br\/index.php\/wp-json\/wp\/v2\/users\/1"}],"replies":[{"embeddable":true,"href":"https:\/\/redmob.com.br\/index.php\/wp-json\/wp\/v2\/comments?post=487"}],"version-history":[{"count":25,"href":"https:\/\/redmob.com.br\/index.php\/wp-json\/wp\/v2\/pages\/487\/revisions"}],"predecessor-version":[{"id":677,"href":"https:\/\/redmob.com.br\/index.php\/wp-json\/wp\/v2\/pages\/487\/revisions\/677"}],"wp:attachment":[{"href":"https:\/\/redmob.com.br\/index.php\/wp-json\/wp\/v2\/media?parent=487"}],"curies":[{"name":"wp","href":"https:\/\/api.w.org\/{rel}","templated":true}]}}