{"id":38,"date":"2025-04-07T13:32:53","date_gmt":"2025-04-07T16:32:53","guid":{"rendered":"https:\/\/redmob.com.br\/?page_id=38"},"modified":"2026-02-12T01:28:51","modified_gmt":"2026-02-12T04:28:51","slug":"home","status":"publish","type":"page","link":"https:\/\/redmob.com.br\/","title":{"rendered":"HOME"},"content":{"rendered":"<p>[vc_row css_animation=&#8221;&#8221; row_type=&#8221;row&#8221; use_row_as_full_screen_section=&#8221;no&#8221; type=&#8221;full_width&#8221; angled_section=&#8221;no&#8221; text_align=&#8221;left&#8221; background_image_as_pattern=&#8221;without_pattern&#8221;][vc_column][vc_column_text]<span style=\"font-weight: 400;\">[\/vc_column_text]\n\t\t\t<!-- START Slider 1 REVOLUTION SLIDER 6.0.9 --><p class=\"rs-p-wp-fix\"><\/p>\n\t\t\t<rs-module-wrap id=\"rev_slider_1_1_wrapper\" data-source=\"gallery\" style=\"background:transparent;padding:0;margin:0px auto;margin-top:0;margin-bottom:0;\">\n\t\t\t\t<rs-module id=\"rev_slider_1_1\" style=\"display:none;\" data-version=\"6.0.9\">\n\t\t\t\t\t<rs-slides>\n\t\t\t\t\t\t<rs-slide data-key=\"rs-1\" data-title=\"Slide\" data-anim=\"ei:d;eo:d;s:1000;r:0;t:fade;sl:0;\">\n\t\t\t\t\t\t\t<img decoding=\"async\" src=\"\/\/redmob.com.br\/wp-content\/plugins\/revslider\/public\/assets\/assets\/transparent.png\" title=\"HOME\" class=\"rev-slidebg\" data-no-retina>\n<!--\n\t\t\t\t\t\t\t--><rs-layer\n\t\t\t\t\t\t\t\tid=\"slider-1-slide-1-layer-2\" \n\t\t\t\t\t\t\t\tclass=\"rs-layer-video\"\n\t\t\t\t\t\t\t\tdata-type=\"video\"\n\t\t\t\t\t\t\t\tdata-rsp_ch=\"on\"\n\t\t\t\t\t\t\t\tdata-text=\"w:normal;\"\n\t\t\t\t\t\t\t\tdata-dim=\"w:100%;h:100%;\"\n\t\t\t\t\t\t\t\tdata-video=\"vd:100;\"\n\t\t\t\t\t\t\t\tdata-ytid=\"2WWTSi4L5N0\"\n\t\t\t\t\t\t\t\tdata-vatr=\"version=3&amp;enablejsapi=1&amp;html5=1&amp;hd=1&amp;wmode=opaque&amp;showinfo=0&amp;rel=0&amp;origin=https:\/\/redmob.com.br;\"\n\t\t\t\t\t\t\t\tdata-frame_999=\"o:0;st:w;\"\n\t\t\t\t\t\t\t\tstyle=\"z-index:5;font-family:Roboto;\"\n\t\t\t\t\t\t\t>\n\t\t\t\t\t\t\t<\/rs-layer><!--\n-->\t\t\t\t\t\t<\/rs-slide>\n\t\t\t\t\t<\/rs-slides>\n\t\t\t\t\t<rs-progress class=\"rs-bottom\" style=\"visibility: hidden !important;\"><\/rs-progress>\n\t\t\t\t<\/rs-module>\n\t\t\t\t<script type=\"text\/javascript\">\n\t\t\t\t\tsetREVStartSize({c: 'rev_slider_1_1',rl:[1240,1024,778,480],el:[900],gw:[1920],gh:[900],layout:'fullwidth',mh:\"0\"});\n\t\t\t\t\tvar\trevapi1,\n\t\t\t\t\t\ttpj;\n\t\t\t\t\tjQuery(function() {\n\t\t\t\t\t\ttpj = jQuery;\n\t\t\t\t\t\tif(tpj(\"#rev_slider_1_1\").revolution == undefined){\n\t\t\t\t\t\t\trevslider_showDoubleJqueryError(\"#rev_slider_1_1\");\n\t\t\t\t\t\t}else{\n\t\t\t\t\t\t\trevapi1 = tpj(\"#rev_slider_1_1\").show().revolution({\n\t\t\t\t\t\t\t\tjsFileLocation:\"\/\/redmob.com.br\/wp-content\/plugins\/revslider\/public\/assets\/js\/\",\n\t\t\t\t\t\t\t\tsliderLayout:\"fullwidth\",\n\t\t\t\t\t\t\t\tvisibilityLevels:\"1240,1024,778,480\",\n\t\t\t\t\t\t\t\tgridwidth:1920,\n\t\t\t\t\t\t\t\tgridheight:900,\n\t\t\t\t\t\t\t\tminHeight:\"\",\n\t\t\t\t\t\t\t\tspinner:\"spinner0\",\n\t\t\t\t\t\t\t\teditorheight:\"900,768,960,720\",\n\t\t\t\t\t\t\t\tresponsiveLevels:\"1240,1024,778,480\",\n\t\t\t\t\t\t\t\tdisableProgressBar:\"on\",\n\t\t\t\t\t\t\t\tnavigation: {\n\t\t\t\t\t\t\t\t\tonHoverStop:false\n\t\t\t\t\t\t\t\t},\n\t\t\t\t\t\t\t\tfallbacks: {\n\t\t\t\t\t\t\t\t\tallowHTML5AutoPlayOnAndroid:true\n\t\t\t\t\t\t\t\t},\n\t\t\t\t\t\t\t});\n\t\t\t\t\t\t}\n\t\t\t\t\t\t\n\t\t\t\t\t});\n\t\t\t\t<\/script>\n\t\t\t<\/rs-module-wrap>\n\t\t\t<!-- END REVOLUTION SLIDER -->\n[\/vc_column][\/vc_row][vc_row css_animation=&#8221;&#8221; row_type=&#8221;row&#8221; use_row_as_full_screen_section=&#8221;no&#8221; type=&#8221;grid&#8221; angled_section=&#8221;no&#8221; text_align=&#8221;center&#8221; background_image_as_pattern=&#8221;without_pattern&#8221; css=&#8221;.vc_custom_1745792191298{padding-right: 30px !important;padding-left: -30px !important;background-color: #303030 !important;}&#8221; z_index=&#8221;&#8221;][vc_column width=&#8221;1\/3&#8243;][\/vc_column][vc_column width=&#8221;1\/3&#8243;][vc_empty_space height=&#8221;40px&#8221;]<a  itemprop=\"url\" href=\"https:\/\/redmob.com.br\/index.php\/campeche\/\" target=\"_self\" data-hover-background-color=#cc2127  class=\"qbutton  big_large_full_width center enlarge\" style=\"border-color: #ffffff; background-color: #303030;\">REDMOB CAMPECHE: CONHE\u00c7A O NOVO BOX<\/a>[vc_empty_space height=&#8221;40px&#8221;][\/vc_column][vc_column width=&#8221;1\/3&#8243;][\/vc_column][\/vc_row][vc_row css_animation=&#8221;&#8221; row_type=&#8221;row&#8221; use_row_as_full_screen_section=&#8221;no&#8221; type=&#8221;grid&#8221; angled_section=&#8221;no&#8221; text_align=&#8221;center&#8221; background_image_as_pattern=&#8221;without_pattern&#8221; z_index=&#8221;&#8221; css=&#8221;.vc_custom_1745788566856{background-color: #f2f2f2 !important;}&#8221;][vc_column][vc_empty_space height=&#8221;60px&#8221;][vc_column_text]<\/span><\/p>\n<h2 style=\"text-align: center;\"><b>Bem-vindos \u00e0 Redmob! Escolha a unidade e fale com a gente<\/b><\/h2>\n<p>[\/vc_column_text][\/vc_column][\/vc_row][vc_row css_animation=&#8221;&#8221; row_type=&#8221;row&#8221; use_row_as_full_screen_section=&#8221;no&#8221; type=&#8221;grid&#8221; angled_section=&#8221;no&#8221; text_align=&#8221;center&#8221; background_image_as_pattern=&#8221;without_pattern&#8221; z_index=&#8221;&#8221; css=&#8221;.vc_custom_1745789778972{padding-top: 60px !important;padding-bottom: 60px !important;background-color: #f2f2f2 !important;}&#8221;][vc_column width=&#8221;1\/3&#8243;]\n\n\t<a href=\"https:\/\/wa.me\/554892048791\" target=\"_blank\" style=\"background-color: #23d366;font-family: Oswald;font-size: 20px;font-weight: 700;font-style: normal\" class=\"qode-btn qode-btn-medium qode-btn-solid qode-btn-custom-hover-bg qode-btn-custom-hover-color qode-btn-icon qode-btn-with-shadow qode-btn-icon-rotate\" data-hover-bg-color=\"#000000\" data-hover-color=\"#ffffff\" >\n\t    <span class=\"qode-btn-text\">CAMPECHE<\/span><span class=\"qode-button-v2-icon-holder\"><i class=\"qode_icon_font_awesome fa fa-whatsapp qode-button-v2-icon-holder-inner\" ><\/i><\/span>\t<\/a>\n\n[vc_empty_space][\/vc_column][vc_column width=&#8221;1\/3&#8243;]\n\n\t<a href=\"https:\/\/wa.me\/5548999009872\" target=\"_blank\" style=\"background-color: #23d366;font-family: Oswald;font-size: 20px;font-weight: 700;font-style: normal\" class=\"qode-btn qode-btn-medium qode-btn-solid qode-btn-custom-hover-bg qode-btn-custom-hover-color qode-btn-icon qode-btn-with-shadow qode-btn-icon-rotate\" data-hover-bg-color=\"#000000\" data-hover-color=\"#ffffff\" >\n\t    <span class=\"qode-btn-text\">MADRE BENVENUTA<\/span><span class=\"qode-button-v2-icon-holder\"><i class=\"qode_icon_font_awesome fa fa-whatsapp qode-button-v2-icon-holder-inner\" ><\/i><\/span>\t<\/a>\n\n[vc_empty_space][\/vc_column][vc_column width=&#8221;1\/3&#8243;]\n\n\t<a href=\"https:\/\/wa.me\/5548988700825\" target=\"_blank\" style=\"background-color: #23d366;font-family: Oswald;font-size: 20px;font-weight: 700;font-style: normal\" class=\"qode-btn qode-btn-medium qode-btn-solid qode-btn-custom-hover-bg qode-btn-custom-hover-color qode-btn-icon qode-btn-with-shadow qode-btn-icon-rotate\" data-hover-bg-color=\"#000000\" data-hover-color=\"#ffffff\" >\n\t    <span class=\"qode-btn-text\">CAPOEIRAS<\/span><span class=\"qode-button-v2-icon-holder\"><i class=\"qode_icon_font_awesome fa fa-whatsapp qode-button-v2-icon-holder-inner\" ><\/i><\/span>\t<\/a>\n\n[vc_empty_space][\/vc_column][\/vc_row][vc_row css_animation=&#8221;&#8221; row_type=&#8221;row&#8221; use_row_as_full_screen_section=&#8221;no&#8221; type=&#8221;full_width&#8221; angled_section=&#8221;no&#8221; text_align=&#8221;center&#8221; background_image_as_pattern=&#8221;without_pattern&#8221; z_index=&#8221;&#8221;][vc_column offset=&#8221;vc_hidden-lg vc_hidden-md vc_hidden-sm vc_hidden-xs&#8221;][vc_column_text]<\/p>\n<h2><span style=\"color: #ffffff;\"><b>REDMOB CAMPECHE<\/b><\/span><\/h2>\n<p>[\/vc_column_text][vc_empty_space height=&#8221;80px&#8221;]<a  itemprop=\"url\" href=\"https:\/\/redmob.com.br\/index.php\/campeche\/\" target=\"_self\"  class=\"qbutton  default\" style=\"\">CONHE\u00c7A O NOVO BOX<\/a>[\/vc_column][\/vc_row][vc_row css_animation=&#8221;&#8221; row_type=&#8221;row&#8221; use_row_as_full_screen_section=&#8221;no&#8221; type=&#8221;grid&#8221; angled_section=&#8221;no&#8221; text_align=&#8221;center&#8221; background_image_as_pattern=&#8221;without_pattern&#8221; z_index=&#8221;&#8221;][vc_column][vc_empty_space height=&#8221;60px&#8221;][vc_column_text]<\/p>\n<h1>Seu Melhor Treino Come\u00e7a Aqui<\/h1>\n<p>[\/vc_column_text][vc_empty_space height=&#8221;60px&#8221;][\/vc_column][\/vc_row][vc_row css_animation=&#8221;&#8221; row_type=&#8221;row&#8221; use_row_as_full_screen_section=&#8221;no&#8221; type=&#8221;full_width&#8221; angled_section=&#8221;no&#8221; text_align=&#8221;center&#8221; background_image_as_pattern=&#8221;without_pattern&#8221; z_index=&#8221;&#8221; css=&#8221;.vc_custom_1745775798696{padding-right: 30px !important;padding-left: 30px !important;}&#8221;][vc_column width=&#8221;1\/3&#8243; css=&#8221;.vc_custom_1707195286420{padding-bottom: 60px !important;}&#8221;][vc_single_image image=&#8221;517&#8243; img_size=&#8221;633&#215;421&#8243; alignment=&#8221;center&#8221; qode_css_animation=&#8221;&#8221; qode_hover_animation=&#8221;zoom_in&#8221;][vc_empty_space][vc_column_text css=&#8221;.vc_custom_1770870097891{padding-right: 20px !important;padding-left: 20px !important;}&#8221;]<\/p>\n<p style=\"text-align: left;\">Na Redmob, a metodologia \u00e9 a base: os treinos combinam for\u00e7a, resist\u00eancia e velocidade em movimentos funcionais, variados e de alta intensidade. Ideal para quem busca superar os limites e desenvolver o corpo de forma equilibrada.<\/p>\n<p>[\/vc_column_text][vc_empty_space][\/vc_column][vc_column width=&#8221;1\/3&#8243; css=&#8221;.vc_custom_1644808406458{padding-bottom: 60px !important;}&#8221;][vc_single_image image=&#8221;484&#8243; img_size=&#8221;633&#215;421&#8243; alignment=&#8221;center&#8221; qode_css_animation=&#8221;&#8221; qode_hover_animation=&#8221;zoom_in&#8221;][vc_empty_space][vc_column_text css=&#8221;.vc_custom_1770870527510{padding-right: 20px !important;padding-left: 20px !important;}&#8221;]<\/p>\n<p style=\"text-align: left;\">Al\u00e9m do Cross, oferecemos modalidades que se complementam para potencializar seu desempenho:<\/p>\n<p>[\/vc_column_text][vc_empty_space height=&#8221;16px&#8221;][vc_column_text css=&#8221;.vc_custom_1745788769495{padding-right: 20px !important;padding-left: 20px !important;}&#8221;]<\/p>\n<ul>\n<li style=\"text-align: left;\"><strong>METCON<\/strong><\/li>\n<li style=\"text-align: left;\"><strong>POWERLIFITING<\/strong><\/li>\n<li style=\"text-align: left;\"><strong>ENDURANCE.<\/strong><\/li>\n<\/ul>\n<p>[\/vc_column_text][vc_empty_space][\/vc_column][vc_column width=&#8221;1\/3&#8243;][vc_single_image image=&#8221;486&#8243; img_size=&#8221;633&#215;421&#8243; alignment=&#8221;center&#8221; qode_css_animation=&#8221;&#8221; qode_hover_animation=&#8221;zoom_in&#8221;][vc_empty_space][vc_column_text css=&#8221;.vc_custom_1745788793098{padding-right: 20px !important;padding-left: 20px !important;}&#8221;]<\/p>\n<p style=\"text-align: left;\"><span style=\"font-weight: 400;\">Na <strong>GARAGE BOX<\/strong> ficam as modalidades <b style=\"font-weight: 400;\">Endurance<\/b> e <b style=\"font-weight: 400;\">Powerlifting<\/b> que te proporcionam melhor desempenho nos WOD&#8217;s.<\/span><\/p>\n<p>[\/vc_column_text][vc_empty_space][\/vc_column][\/vc_row][vc_row css_animation=&#8221;&#8221; row_type=&#8221;row&#8221; use_row_as_full_screen_section=&#8221;no&#8221; type=&#8221;grid&#8221; angled_section=&#8221;no&#8221; text_align=&#8221;center&#8221; background_image_as_pattern=&#8221;without_pattern&#8221; z_index=&#8221;&#8221; css=&#8221;.vc_custom_1745792463304{padding-right: 30px !important;padding-left: -30px !important;}&#8221;][vc_column width=&#8221;1\/3&#8243;][\/vc_column][vc_column width=&#8221;1\/3&#8243;]<a  itemprop=\"url\" href=\"https:\/\/redmob.com.br\/index.php\/modalidades\" target=\"_self\"  class=\"qbutton  big_large_full_width center default\" style=\"\">CONHE\u00c7A TODAS AS MODALIDADES<\/a>[vc_empty_space height=&#8221;60px&#8221;][\/vc_column][vc_column width=&#8221;1\/3&#8243;][\/vc_column][\/vc_row][vc_row css_animation=&#8221;&#8221; row_type=&#8221;row&#8221; use_row_as_full_screen_section=&#8221;no&#8221; type=&#8221;grid&#8221; angled_section=&#8221;no&#8221; text_align=&#8221;left&#8221; background_image_as_pattern=&#8221;without_pattern&#8221; z_index=&#8221;&#8221; css=&#8221;.vc_custom_1770870257183{padding-top: 80px !important;padding-bottom: 60px !important;background-color: #f2f2f2 !important;}&#8221;][vc_column width=&#8221;1\/2&#8243; offset=&#8221;vc_hidden-lg vc_hidden-md vc_hidden-sm vc_hidden-xs&#8221;][vc_column_text]<\/p>\n<h2><b>Novidade no box Capoeiras:<\/b><\/h2>\n<p><span style=\"font-weight: 400;\">[\/vc_column_text][vc_empty_space][vc_column_text css=&#8221;.vc_custom_1659591784545{padding-right: 32px !important;}&#8221;]<\/span><\/p>\n<h3><b>A RedMob Capoeiras conta agora com uma SALA DE MUSCULA\u00c7\u00c3O!<\/b><\/h3>\n<p><span style=\"font-weight: 400;\">[\/vc_column_text][vc_empty_space height=&#8221;16px&#8221;][vc_column_text css=&#8221;.vc_custom_1659591789876{padding-right: 32px !important;}&#8221;]<\/span><\/p>\n<p><span style=\"font-weight: 400;\">O principal objetivo \u00e9 desenvolver um programa de preven\u00e7\u00e3o de les\u00e3o que acompanhe as aulas do box. Saiba mais no v\u00eddeo!<\/span><\/p>\n<p><span style=\"font-weight: 400;\">[\/vc_column_text][vc_empty_space height=&#8221;60px&#8221;][\/vc_column][vc_column width=&#8221;1\/2&#8243; offset=&#8221;vc_hidden-lg vc_hidden-md vc_hidden-sm vc_hidden-xs&#8221;]<div class=\"qode_video_box\">\n\t<a itemprop=\"image\" class=\"qode_video_image\" href=\"https:\/\/youtu.be\/IY-4Yqi3Ndo\" data-rel=\"prettyPhoto\">\n\t\t\t\n\t\t\t<img decoding=\"async\" src=\"https:\/\/redmob.com.br\/wp-content\/uploads\/2025\/04\/foto-academia.jpg\" \/>\n\t\t\t<span class=\"qode_video_box_button_holder\">\n\t\t\t\t<span class=\"qode_video_box_button\">\n\t\t\t\t\t<span class=\"qode_video_box_button_arrow\">\n\t\t\t\t\t<\/span>\n\t\t\t\t<\/span>\n\t\t\t<\/span>\n\t\t\t<\/a>\n<\/div>[\/vc_column][\/vc_row][vc_row css_animation=&#8221;&#8221; row_type=&#8221;row&#8221; use_row_as_full_screen_section=&#8221;no&#8221; type=&#8221;grid&#8221; angled_section=&#8221;no&#8221; text_align=&#8221;left&#8221; background_image_as_pattern=&#8221;without_pattern&#8221; z_index=&#8221;&#8221;][vc_column][vc_empty_space height=&#8221;60px&#8221;][vc_column_text]<\/span><\/p>\n<h1 style=\"text-align: center;\"><b>UNIDADES<\/b><\/h1>\n<p>[\/vc_column_text][vc_empty_space][vc_column_text]<\/p>\n<p style=\"text-align: center;\"><span style=\"font-weight: 400;\">A RedMob est\u00e1 presente em Florian\u00f3polis nos bairros Santa M\u00f4nica e Campeche na ilha e no continente em Capoeiras.<\/span><\/p>\n<p>[\/vc_column_text][vc_empty_space height=&#8221;60px&#8221;][\/vc_column][\/vc_row][vc_row css_animation=&#8221;&#8221; row_type=&#8221;row&#8221; use_row_as_full_screen_section=&#8221;no&#8221; type=&#8221;full_width&#8221; angled_section=&#8221;no&#8221; text_align=&#8221;center&#8221; background_image_as_pattern=&#8221;without_pattern&#8221; z_index=&#8221;&#8221; css=&#8221;.vc_custom_1745788343214{padding-bottom: 60px !important;}&#8221;][vc_column width=&#8221;1\/3&#8243; css=&#8221;.vc_custom_1707195286420{padding-bottom: 60px !important;}&#8221;]<div class=\"qode-banner qode-banner-va-center\"><a class=\"qode-banner-link\" href=\"http:\/\/redmob.com.br\/index.php\/campeche\" target=\"_self\"><\/a><div class=\"qode-banner-image\"><img decoding=\"async\" itemprop=\"image\" src=\"https:\/\/redmob.com.br\/wp-content\/uploads\/2025\/04\/JCR4716.jpg\" alt=\"\" \/><\/div><div class=\"qode-banner-content\"><div class=\"qode-banner-content-inner\"><div class=\"qode-banner-text-holder\">\n<h3 style=\"text-align: center;\"><b>CAMPECHE<\/b><\/h3>\n<\/div><\/div><\/div><\/div>[\/vc_column][vc_column width=&#8221;1\/3&#8243; css=&#8221;.vc_custom_1644808406458{padding-bottom: 60px !important;}&#8221;]<div class=\"qode-banner qode-banner-va-center\"><a class=\"qode-banner-link\" href=\"http:\/\/redmob.com.br\/index.php\/capoeiras\" target=\"_self\"><\/a><div class=\"qode-banner-image\"><img decoding=\"async\" itemprop=\"image\" src=\"https:\/\/redmob.com.br\/wp-content\/uploads\/2025\/04\/capoeiras-5.jpg\" alt=\"\" \/><\/div><div class=\"qode-banner-content\"><div class=\"qode-banner-content-inner\"><div class=\"qode-banner-text-holder\">\n<h3 style=\"text-align: center;\"><b>CAPOEIRAS<\/b><b>\u00a0<\/b><\/h3>\n<\/div><\/div><\/div><\/div>[\/vc_column][vc_column width=&#8221;1\/3&#8243;]<div class=\"qode-banner qode-banner-va-center\"><a class=\"qode-banner-link\" href=\"http:\/\/redmob.com.br\/index.php\/madre-benvenuta\" target=\"_self\"><\/a><div class=\"qode-banner-image\"><img decoding=\"async\" itemprop=\"image\" src=\"https:\/\/redmob.com.br\/wp-content\/uploads\/2025\/04\/crossfit-1.jpg\" alt=\"\" \/><\/div><div class=\"qode-banner-content\"><div class=\"qode-banner-content-inner\"><div class=\"qode-banner-text-holder\">\n<h3 style=\"text-align: center;\"><b>MADRE BENVENUTA<\/b><\/h3>\n<\/div><\/div><\/div><\/div>[\/vc_column][\/vc_row][vc_row css_animation=&#8221;&#8221; row_type=&#8221;row&#8221; use_row_as_full_screen_section=&#8221;no&#8221; type=&#8221;grid&#8221; angled_section=&#8221;no&#8221; text_align=&#8221;center&#8221; background_image_as_pattern=&#8221;without_pattern&#8221; z_index=&#8221;&#8221; css=&#8221;.vc_custom_1745726713971{background-color: #f2f2f2 !important;}&#8221;][vc_column][vc_empty_space height=&#8221;60 px&#8221;][vc_column_text]<\/p>\n<h1 style=\"text-align: center;\"><b>BENEF\u00cdCIOS<\/b><\/h1>\n<p>[\/vc_column_text][vc_empty_space height=&#8221;60px&#8221;][\/vc_column][\/vc_row][vc_row css_animation=&#8221;&#8221; row_type=&#8221;row&#8221; use_row_as_full_screen_section=&#8221;no&#8221; type=&#8221;grid&#8221; angled_section=&#8221;no&#8221; text_align=&#8221;center&#8221; background_image_as_pattern=&#8221;without_pattern&#8221; z_index=&#8221;&#8221; css=&#8221;.vc_custom_1745726744642{padding-bottom: 60px !important;background-color: #f3f3f3 !important;}&#8221;][vc_column css_animation=&#8221;top-to-bottom&#8221; width=&#8221;1\/6&#8243;][vc_single_image image=&#8221;276&#8243; img_size=&#8221;full&#8221; alignment=&#8221;center&#8221; style=&#8221;vc_box_shadow_3d&#8221; qode_css_animation=&#8221;&#8221;][vc_empty_space][vc_column_text]<\/p>\n<p><span style=\"font-weight: 400;\">Aumento da for\u00e7a<\/span><\/p>\n<p><span style=\"font-weight: 400;\">[\/vc_column_text][vc_empty_space][\/vc_column][vc_column css_animation=&#8221;top-to-bottom&#8221; width=&#8221;1\/6&#8243;][vc_single_image image=&#8221;300&#8243; img_size=&#8221;full&#8221; alignment=&#8221;center&#8221; style=&#8221;vc_box_shadow_3d&#8221; qode_css_animation=&#8221;&#8221;][vc_empty_space][vc_column_text]<\/span><\/p>\n<p><span style=\"font-weight: 400;\">Aumento da energia<\/span><\/p>\n<p><span style=\"font-weight: 400;\">[\/vc_column_text][vc_empty_space][\/vc_column][vc_column css_animation=&#8221;top-to-bottom&#8221; width=&#8221;1\/6&#8243;][vc_single_image image=&#8221;270&#8243; img_size=&#8221;full&#8221; alignment=&#8221;center&#8221; style=&#8221;vc_box_shadow_3d&#8221; qode_css_animation=&#8221;&#8221;][vc_empty_space][vc_column_text]<\/span><\/p>\n<p><span style=\"font-weight: 400;\">Redu\u00e7\u00e3o do Stress<\/span><\/p>\n<p><span style=\"font-weight: 400;\">[\/vc_column_text][vc_empty_space][\/vc_column][vc_column css_animation=&#8221;bottom-to-top&#8221; width=&#8221;1\/6&#8243;][vc_single_image image=&#8221;306&#8243; img_size=&#8221;full&#8221; alignment=&#8221;center&#8221; style=&#8221;vc_box_shadow_3d&#8221; qode_css_animation=&#8221;&#8221;][vc_empty_space][vc_column_text]<\/span><\/p>\n<p><span style=\"font-weight: 400;\">Redu\u00e7\u00e3o de medidas e percentual de gordura<\/span><\/p>\n<p><span style=\"font-weight: 400;\">[\/vc_column_text][vc_empty_space][\/vc_column][vc_column css_animation=&#8221;bottom-to-top&#8221; width=&#8221;1\/6&#8243;][vc_single_image image=&#8221;309&#8243; img_size=&#8221;full&#8221; alignment=&#8221;center&#8221; style=&#8221;vc_box_shadow_3d&#8221; qode_css_animation=&#8221;&#8221;][vc_empty_space][vc_column_text]<\/span><\/p>\n<p><span style=\"font-weight: 400;\">Previne les\u00f5es corporais<\/span><\/p>\n<p><span style=\"font-weight: 400;\">[\/vc_column_text][vc_empty_space][\/vc_column][vc_column css_animation=&#8221;bottom-to-top&#8221; width=&#8221;1\/6&#8243;][vc_single_image image=&#8221;288&#8243; img_size=&#8221;full&#8221; alignment=&#8221;center&#8221; style=&#8221;vc_box_shadow_3d&#8221; qode_css_animation=&#8221;&#8221;][vc_empty_space][vc_column_text]<\/span><\/p>\n<p><span style=\"font-weight: 400;\">Pode ser praticado por qualquer pessoa*<\/span><\/p>\n<p><span style=\"font-weight: 400;\">[\/vc_column_text][vc_empty_space][\/vc_column][\/vc_row][vc_row css_animation=&#8221;&#8221; row_type=&#8221;row&#8221; use_row_as_full_screen_section=&#8221;no&#8221; type=&#8221;full_width&#8221; angled_section=&#8221;no&#8221; text_align=&#8221;left&#8221; background_image_as_pattern=&#8221;without_pattern&#8221; css=&#8221;.vc_custom_1535029710810{background-color: #ffffff !important;}&#8221; z_index=&#8221;&#8221;][vc_column][vc_empty_space height=&#8221;80px&#8221;][\/vc_column][\/vc_row][vc_row css_animation=&#8221;&#8221; row_type=&#8221;row&#8221; use_row_as_full_screen_section=&#8221;no&#8221; type=&#8221;full_width&#8221; angled_section=&#8221;no&#8221; text_align=&#8221;center&#8221; background_image_as_pattern=&#8221;without_pattern&#8221; z_index=&#8221;&#8221; css=&#8221;.vc_custom_1745776236091{padding-right: 30px !important;padding-left: 30px !important;}&#8221;][vc_column][vc_gallery type=&#8221;image_grid&#8221; images=&#8221;379,378,377,376,375,374&#8243; img_size=&#8221;600&#215;387&#8243; column_number=&#8221;3&#8243; grayscale=&#8221;no&#8221; images_space=&#8221;gallery_with_space&#8221;][\/vc_column][\/vc_row][vc_row css_animation=&#8221;&#8221; row_type=&#8221;row&#8221; use_row_as_full_screen_section=&#8221;no&#8221; type=&#8221;grid&#8221; angled_section=&#8221;no&#8221; text_align=&#8221;center&#8221; background_image_as_pattern=&#8221;without_pattern&#8221; z_index=&#8221;&#8221;][vc_column width=&#8221;1\/6&#8243;][\/vc_column][vc_column width=&#8221;2\/3&#8243;][vc_empty_space height=&#8221;60px&#8221;][\/vc_column][vc_column width=&#8221;1\/6&#8243;][\/vc_column][\/vc_row][vc_row css_animation=&#8221;&#8221; row_type=&#8221;row&#8221; use_row_as_full_screen_section=&#8221;no&#8221; type=&#8221;full_width&#8221; angled_section=&#8221;no&#8221; text_align=&#8221;center&#8221; background_image_as_pattern=&#8221;without_pattern&#8221; css=&#8221;.vc_custom_1745790069004{background-color: #303030 !important;}&#8221; z_index=&#8221;&#8221;][vc_column width=&#8221;1\/6&#8243;][\/vc_column][vc_column width=&#8221;2\/3&#8243;][vc_empty_space height=&#8221;50px&#8221;][vc_column_text]\u00a0<\/span><\/p>\n<h1 style=\"text-align: center;\"><span style=\"color: #ffffff;\"><b>Agende uma aula experimental sem custos<\/b><\/span><\/h1>\n<p>[\/vc_column_text][\/vc_column][vc_column width=&#8221;1\/6&#8243;][\/vc_column][\/vc_row][vc_row css_animation=&#8221;&#8221; row_type=&#8221;row&#8221; use_row_as_full_screen_section=&#8221;no&#8221; type=&#8221;grid&#8221; angled_section=&#8221;no&#8221; text_align=&#8221;center&#8221; background_image_as_pattern=&#8221;without_pattern&#8221; z_index=&#8221;&#8221; css=&#8221;.vc_custom_1745792119862{padding-top: 60px !important;padding-right: 30px !important;padding-bottom: 60px !important;padding-left: -30px !important;background-color: #303030 !important;}&#8221;][vc_column width=&#8221;1\/3&#8243;]<a  itemprop=\"url\" href=\"https:\/\/wa.me\/554892048791\" target=\"_blank\" data-hover-background-color=#cc2127  class=\"qbutton  big_large_full_width center default\" style=\"border-color: #ffffff; background-color: #303030;\">CAMPECHE<\/a>[vc_empty_space][\/vc_column][vc_column width=&#8221;1\/3&#8243;]<a  itemprop=\"url\" href=\"https:\/\/wa.me\/5548999009872\" target=\"_blank\" data-hover-background-color=#cc2127  class=\"qbutton  big_large_full_width center default\" style=\"border-color: #ffffff; background-color: #303030;\">MADRE BENVENUTA<\/a>[vc_empty_space][\/vc_column][vc_column width=&#8221;1\/3&#8243;]<a  itemprop=\"url\" href=\"https:\/\/wa.me\/5548988700825\" target=\"_blank\" data-hover-background-color=#cc2127  class=\"qbutton  big_large_full_width center default\" style=\"border-color: #ffffff; background-color: #303030;\">CAPOEIRAS<\/a>[vc_empty_space][\/vc_column][\/vc_row][vc_column][\/vc_column]<\/p>\n","protected":false},"excerpt":{"rendered":"<p>[vc_row css_animation=&#8221;&#8221; row_type=&#8221;row&#8221; use_row_as_full_screen_section=&#8221;no&#8221; type=&#8221;full_width&#8221; angled_section=&#8221;no&#8221; text_align=&#8221;left&#8221; background_image_as_pattern=&#8221;without_pattern&#8221;][vc_column][vc_column_text][\/vc_column_text][\/vc_column][\/vc_row][vc_row css_animation=&#8221;&#8221; row_type=&#8221;row&#8221; use_row_as_full_screen_section=&#8221;no&#8221; type=&#8221;grid&#8221; angled_section=&#8221;no&#8221; text_align=&#8221;center&#8221; background_image_as_pattern=&#8221;without_pattern&#8221; css=&#8221;.vc_custom_1745792191298{padding-right: 30px !important;padding-left: -30px !important;background-color: #303030 !important;}&#8221; z_index=&#8221;&#8221;][vc_column width=&#8221;1\/3&#8243;][\/vc_column][vc_column width=&#8221;1\/3&#8243;][vc_empty_space height=&#8221;40px&#8221;][vc_empty_space height=&#8221;40px&#8221;][\/vc_column][vc_column width=&#8221;1\/3&#8243;][\/vc_column][\/vc_row][vc_row css_animation=&#8221;&#8221; row_type=&#8221;row&#8221; use_row_as_full_screen_section=&#8221;no&#8221; type=&#8221;grid&#8221; angled_section=&#8221;no&#8221; text_align=&#8221;center&#8221; background_image_as_pattern=&#8221;without_pattern&#8221; z_index=&#8221;&#8221; css=&#8221;.vc_custom_1745788566856{background-color: #f2f2f2 !important;}&#8221;][vc_column][vc_empty_space height=&#8221;60px&#8221;][vc_column_text] Bem-vindos \u00e0 Redmob! Escolha a&#8230;<\/p>\n","protected":false},"author":1,"featured_media":0,"parent":0,"menu_order":0,"comment_status":"closed","ping_status":"closed","template":"full_width.php","meta":{"footnotes":""},"class_list":["post-38","page","type-page","status-publish","hentry"],"_links":{"self":[{"href":"https:\/\/redmob.com.br\/index.php\/wp-json\/wp\/v2\/pages\/38","targetHints":{"allow":["GET"]}}],"collection":[{"href":"https:\/\/redmob.com.br\/index.php\/wp-json\/wp\/v2\/pages"}],"about":[{"href":"https:\/\/redmob.com.br\/index.php\/wp-json\/wp\/v2\/types\/page"}],"author":[{"embeddable":true,"href":"https:\/\/redmob.com.br\/index.php\/wp-json\/wp\/v2\/users\/1"}],"replies":[{"embeddable":true,"href":"https:\/\/redmob.com.br\/index.php\/wp-json\/wp\/v2\/comments?post=38"}],"version-history":[{"count":101,"href":"https:\/\/redmob.com.br\/index.php\/wp-json\/wp\/v2\/pages\/38\/revisions"}],"predecessor-version":[{"id":316,"href":"https:\/\/redmob.com.br\/index.php\/wp-json\/wp\/v2\/pages\/38\/revisions\/316"}],"wp:attachment":[{"href":"https:\/\/redmob.com.br\/index.php\/wp-json\/wp\/v2\/media?parent=38"}],"curies":[{"name":"wp","href":"https:\/\/api.w.org\/{rel}","templated":true}]}}